{"id":10464,"date":"2026-01-21T12:33:47","date_gmt":"2026-01-21T11:33:47","guid":{"rendered":"https:\/\/www.chateaudevergieres.com\/contact\/"},"modified":"2026-04-23T17:03:35","modified_gmt":"2026-04-23T15:03:35","slug":"contact","status":"publish","type":"page","link":"https:\/\/www.chateaudevergieres.com\/en\/contact\/","title":{"rendered":"Contact"},"content":{"rendered":"\t\t<div data-elementor-type=\"wp-page\" data-elementor-id=\"10464\" class=\"elementor elementor-10464 elementor-7178\" data-elementor-post-type=\"page\">\n\t\t\t\t<div class=\"elementor-element elementor-element-10aec47 e-con-full e-flex e-con e-parent\" data-id=\"10aec47\" data-element_type=\"container\" data-e-type=\"container\" data-settings=\"{&quot;background_background&quot;:&quot;classic&quot;}\">\n\t\t\t\t<\/div>\n\t\t<div class=\"elementor-element elementor-element-b9f6c8b e-con-full e-flex e-con e-parent\" data-id=\"b9f6c8b\" data-element_type=\"container\" data-e-type=\"container\">\n\t\t<div class=\"elementor-element elementor-element-4cf6fe2 e-con-full e-flex e-con e-child\" data-id=\"4cf6fe2\" data-element_type=\"container\" data-e-type=\"container\" data-settings=\"{&quot;background_background&quot;:&quot;classic&quot;}\">\n\t\t<div class=\"elementor-element elementor-element-f969912 e-con-full e-flex e-con e-child\" data-id=\"f969912\" data-element_type=\"container\" data-e-type=\"container\">\n\t\t\t\t<div class=\"elementor-element elementor-element-75c7d0f elementor-widget elementor-widget-hub_fancy_heading\" data-id=\"75c7d0f\" data-element_type=\"widget\" data-e-type=\"widget\" data-widget_type=\"hub_fancy_heading.default\">\n\t\t\t\t<div class=\"elementor-widget-container\">\n\t\t\t\t\t\n\t\t<div id=\"ld-fancy-heading-69f3beb649b52\" class=\"ld-fancy-heading pos-rel\">\n\t\t\t<h2 class=\"ld-fh-element d-inline-block pos-rel  elementor-heading-title lqd-highlight-classic lqd-highlight-grow-left h2\"  > Contact Us<\/h2>\t\t<\/div>\n\n\t\t\t\t\t\t<\/div>\n\t\t\t\t<\/div>\n\t\t\t\t<div class=\"elementor-element elementor-element-ff1e84a elementor-widget__width-initial elementor-widget elementor-widget-wpforms\" data-id=\"ff1e84a\" data-element_type=\"widget\" data-e-type=\"widget\" data-widget_type=\"wpforms.default\">\n\t\t\t\t<div class=\"elementor-widget-container\">\n\t\t\t\t\t<div class=\"wpforms-container wpforms-container-full wpforms-render-modern\" id=\"wpforms-6587\"><form id=\"wpforms-form-6587\" class=\"wpforms-validate wpforms-form wpforms-ajax-form\" data-formid=\"6587\" method=\"post\" enctype=\"multipart\/form-data\" action=\"\/en\/wp-json\/wp\/v2\/pages\/10464\" data-token=\"62e043fd8401a411ce7469c68cd83556\" data-token-time=\"1777581750\"><noscript class=\"wpforms-error-noscript\">Please enable JavaScript in your browser to complete this form.<\/noscript><div id=\"wpforms-error-noscript\" style=\"display: none;\">Please enable JavaScript in your browser to complete this form.<\/div><div class=\"wpforms-field-container\"><div id=\"wpforms-6587-field_1-container\" class=\"wpforms-field wpforms-field-name\" data-field-id=\"1\"><label class=\"wpforms-field-label\" for=\"wpforms-6587-field_1\">Full name <span class=\"wpforms-required-label\" aria-hidden=\"true\">*<\/span><\/label><input type=\"text\" id=\"wpforms-6587-field_1\" class=\"wpforms-field-large wpforms-field-required\" name=\"wpforms[fields][1]\" placeholder=\"Full name*\" aria-errormessage=\"wpforms-6587-field_1-error\" required><\/div><div id=\"wpforms-6587-field_2-container\" class=\"wpforms-field wpforms-field-select wpforms-field-select-style-modern\" data-field-id=\"2\"><label class=\"wpforms-field-label\" for=\"wpforms-6587-field_2\">Subject of your inquiry <span class=\"wpforms-required-label\" aria-hidden=\"true\">*<\/span><\/label><select id=\"wpforms-6587-field_2\" class=\"wpforms-field-large wpforms-field-required choicesjs-select\" data-size-class=\"wpforms-field-row wpforms-field-large\" data-search-enabled=\"\" name=\"wpforms[fields][2]\" required=\"required\"><option value=\"\" class=\"placeholder\" disabled  selected='selected'>Subject of your inquiry*<\/option><option value=\"Wedding\"  class=\"choice-1 depth-1\"  >Wedding<\/option><option value=\"Filming \/ photoshoot\"  class=\"choice-2 depth-1\"  >Filming \/ photoshoot<\/option><option value=\"Private hire\"  class=\"choice-3 depth-1\"  >Private hire<\/option><\/select><\/div>\t\t<div id=\"wpforms-6587-field_7-container\"\n\t\t\tclass=\"wpforms-field wpforms-field-text\"\n\t\t\tdata-field-type=\"text\"\n\t\t\tdata-field-id=\"7\"\n\t\t\t>\n\t\t\t<label class=\"wpforms-field-label\" for=\"wpforms-6587-field_7\" >Phone of your<\/label>\n\t\t\t<input type=\"text\" id=\"wpforms-6587-field_7\" class=\"wpforms-field-medium\" name=\"wpforms[fields][7]\" >\n\t\t<\/div>\n\t\t<div id=\"wpforms-6587-field_3-container\" class=\"wpforms-field wpforms-field-email\" data-field-id=\"3\"><label class=\"wpforms-field-label\" for=\"wpforms-6587-field_3\">Email <span class=\"wpforms-required-label\" aria-hidden=\"true\">*<\/span><\/label><input type=\"email\" id=\"wpforms-6587-field_3\" class=\"wpforms-field-large wpforms-field-required\" name=\"wpforms[fields][3]\" placeholder=\"Email*\" spellcheck=\"false\" aria-errormessage=\"wpforms-6587-field_3-error\" required><\/div><div id=\"wpforms-6587-field_4-container\" class=\"wpforms-field wpforms-field-phone\" data-field-id=\"4\"><label class=\"wpforms-field-label\" for=\"wpforms-6587-field_4\">Phone <span class=\"wpforms-required-label\" aria-hidden=\"true\">*<\/span><\/label><input type=\"tel\" id=\"wpforms-6587-field_4\" class=\"wpforms-field-large wpforms-field-required\" data-rule-int-phone-field=\"true\" name=\"wpforms[fields][4]\" placeholder=\"Phone*\" aria-label=\"Phone\" aria-errormessage=\"wpforms-6587-field_4-error\" required><\/div><div id=\"wpforms-6587-field_6-container\" class=\"wpforms-field wpforms-field-number\" data-field-id=\"6\"><label class=\"wpforms-field-label\" for=\"wpforms-6587-field_6\">Number of guests<\/label><input type=\"number\" id=\"wpforms-6587-field_6\" class=\"wpforms-field-medium\" name=\"wpforms[fields][6]\" placeholder=\"Number of guests*\" step=\"any\" aria-errormessage=\"wpforms-6587-field_6-error\" ><\/div><div id=\"wpforms-6587-field_5-container\" class=\"wpforms-field wpforms-field-textarea\" data-field-id=\"5\"><label class=\"wpforms-field-label\" for=\"wpforms-6587-field_5\">Your message <span class=\"wpforms-required-label\" aria-hidden=\"true\">*<\/span><\/label><textarea id=\"wpforms-6587-field_5\" class=\"wpforms-field-medium wpforms-field-required\" name=\"wpforms[fields][5]\" placeholder=\"Your message*\" aria-errormessage=\"wpforms-6587-field_5-error\" required><\/textarea><\/div><script>\n\t\t\t\t( function() {\n\t\t\t\t\tconst style = document.createElement( 'style' );\n\t\t\t\t\tstyle.appendChild( document.createTextNode( '#wpforms-6587-field_7-container { position: absolute !important; overflow: hidden !important; display: inline !important; height: 1px !important; width: 1px !important; z-index: -1000 !important; padding: 0 !important; } #wpforms-6587-field_7-container input { visibility: hidden; } #wpforms-conversational-form-page #wpforms-6587-field_7-container label { counter-increment: none; }' ) );\n\t\t\t\t\tdocument.head.appendChild( style );\n\t\t\t\t\tdocument.currentScript?.remove();\n\t\t\t\t} )();\n\t\t\t<\/script><\/div><!-- .wpforms-field-container --><div class=\"wpforms-submit-container\" ><input type=\"hidden\" name=\"wpforms[id]\" value=\"6587\"><input type=\"hidden\" name=\"page_title\" value=\"\"><input type=\"hidden\" name=\"page_url\" value=\"https:\/\/www.chateaudevergieres.com\/en\/wp-json\/wp\/v2\/pages\/10464\"><input type=\"hidden\" name=\"url_referer\" value=\"\"><button type=\"submit\" name=\"wpforms[submit]\" id=\"wpforms-submit-6587\" class=\"wpforms-submit\" data-alt-text=\"Sending...\" data-submit-text=\"Send\" aria-live=\"assertive\" value=\"wpforms-submit\">Send<\/button><img decoding=\"async\" src=\"https:\/\/www.chateaudevergieres.com\/wp-content\/plugins\/wpforms\/assets\/images\/submit-spin.svg\" class=\"wpforms-submit-spinner\" style=\"display: none;\" width=\"26\" height=\"26\" alt=\"Loading\"><\/div><\/form><\/div>  <!-- .wpforms-container -->\t\t\t\t<\/div>\n\t\t\t\t<\/div>\n\t\t\t\t<\/div>\n\t\t\t\t<\/div>\n\t\t<div class=\"elementor-element elementor-element-c7d893d e-con-full e-flex e-con e-child\" data-id=\"c7d893d\" data-element_type=\"container\" data-e-type=\"container\" data-settings=\"{&quot;background_background&quot;:&quot;classic&quot;}\">\n\t\t\t\t<div class=\"elementor-element elementor-element-888c350 elementor-widget elementor-widget-image\" data-id=\"888c350\" data-element_type=\"widget\" data-e-type=\"widget\" data-widget_type=\"image.default\">\n\t\t\t\t\t\t\t\t\t\t\t\t\t\t\t\t<a href=\"https:\/\/www.chateaudevergieres.com\/wp-content\/uploads\/2026\/03\/Asset-2@2x.png\" data-elementor-open-lightbox=\"yes\" data-e-action-hash=\"#elementor-action%3Aaction%3Dlightbox%26settings%3DeyJpZCI6MTA0NjcsInVybCI6Imh0dHBzOlwvXC93d3cuY2hhdGVhdWRldmVyZ2llcmVzLmNvbVwvd3AtY29udGVudFwvdXBsb2Fkc1wvMjAyNlwvMDNcL0Fzc2V0LTJAMngucG5nIn0%3D\">\n\t\t\t\t\t\t\t<img fetchpriority=\"high\" decoding=\"async\" width=\"1651\" height=\"1385\" src=\"https:\/\/www.chateaudevergieres.com\/wp-content\/uploads\/2026\/03\/Asset-2@2x.png\" class=\"attachment-full size-full wp-image-10467\" alt=\"\" srcset=\"https:\/\/www.chateaudevergieres.com\/wp-content\/uploads\/2026\/03\/Asset-2@2x.png 1651w, https:\/\/www.chateaudevergieres.com\/wp-content\/uploads\/2026\/03\/Asset-2@2x-300x252.png 300w, https:\/\/www.chateaudevergieres.com\/wp-content\/uploads\/2026\/03\/Asset-2@2x-1024x859.png 1024w, https:\/\/www.chateaudevergieres.com\/wp-content\/uploads\/2026\/03\/Asset-2@2x-1536x1289.png 1536w\" sizes=\"(max-width: 1651px) 100vw, 1651px\" \/>\t\t\t\t\t\t\t\t<\/a>\n\t\t\t\t\t\t\t\t\t\t\t\t\t\t\t<\/div>\n\t\t<div class=\"elementor-element elementor-element-154ab37 e-con-full e-flex e-con e-child\" data-id=\"154ab37\" data-element_type=\"container\" data-e-type=\"container\">\n\t\t<div class=\"elementor-element elementor-element-b544b40 e-con-full e-flex e-con e-child\" data-id=\"b544b40\" data-element_type=\"container\" data-e-type=\"container\">\n\t\t\t\t<div class=\"elementor-element elementor-element-146f13f elementor-widget elementor-widget-heading\" data-id=\"146f13f\" data-element_type=\"widget\" data-e-type=\"widget\" data-widget_type=\"heading.default\">\n\t\t\t\t\t<p class=\"elementor-heading-title elementor-size-default\">chateaudevergieres@gmail.com<\/p>\t\t\t\t<\/div>\n\t\t\t\t<\/div>\n\t\t<div class=\"elementor-element elementor-element-2c7cc23 e-con-full e-flex e-con e-child\" data-id=\"2c7cc23\" data-element_type=\"container\" data-e-type=\"container\">\n\t\t\t\t<div class=\"elementor-element elementor-element-ab11eb2 elementor-widget elementor-widget-heading\" data-id=\"ab11eb2\" data-element_type=\"widget\" data-e-type=\"widget\" data-widget_type=\"heading.default\">\n\t\t\t\t\t<p class=\"elementor-heading-title elementor-size-default\">+33 (0)4 90 47 17 16<\/p>\t\t\t\t<\/div>\n\t\t\t\t<div class=\"elementor-element elementor-element-e4aa654 elementor-widget elementor-widget-heading\" data-id=\"e4aa654\" data-element_type=\"widget\" data-e-type=\"widget\" data-widget_type=\"heading.default\">\n\t\t\t\t\t<p class=\"elementor-heading-title elementor-size-default\">+33 (0)7 87 01 47 85<\/p>\t\t\t\t<\/div>\n\t\t\t\t<\/div>\n\t\t<div class=\"elementor-element elementor-element-1fbd7aa e-con-full e-flex e-con e-child\" data-id=\"1fbd7aa\" data-element_type=\"container\" data-e-type=\"container\">\n\t\t<div class=\"elementor-element elementor-element-6fcca42 e-con-full e-flex e-con e-child\" data-id=\"6fcca42\" data-element_type=\"container\" data-e-type=\"container\">\n\t\t\t\t<div class=\"elementor-element elementor-element-c7aeb4b elementor-widget elementor-widget-image\" data-id=\"c7aeb4b\" data-element_type=\"widget\" data-e-type=\"widget\" data-widget_type=\"image.default\">\n\t\t\t\t\t\t\t\t\t\t\t\t\t\t\t\t<a href=\"https:\/\/www.facebook.com\/chateaudevergieres\/?locale=fr_FR\" target=\"_blank\" rel=\"noopener\">\n\t\t\t\t\t\t\t<img decoding=\"async\" width=\"80\" height=\"80\" src=\"https:\/\/www.chateaudevergieres.com\/wp-content\/uploads\/2026\/03\/FacebookV2-fonce.svg\" class=\"attachment-large size-large wp-image-10468\" alt=\"\" \/>\t\t\t\t\t\t\t\t<\/a>\n\t\t\t\t\t\t\t\t\t\t\t\t\t\t\t<\/div>\n\t\t\t\t<div class=\"elementor-element elementor-element-b91dac4 elementor-widget elementor-widget-image\" data-id=\"b91dac4\" data-element_type=\"widget\" data-e-type=\"widget\" data-widget_type=\"image.default\">\n\t\t\t\t\t\t\t\t\t\t\t\t\t\t\t\t<a href=\"https:\/\/www.instagram.com\/chateaudevergieres\/\" target=\"_blank\" rel=\"noopener\">\n\t\t\t\t\t\t\t<img loading=\"lazy\" decoding=\"async\" width=\"80\" height=\"80\" src=\"https:\/\/www.chateaudevergieres.com\/wp-content\/uploads\/2026\/03\/Instagram-fonce.svg\" class=\"attachment-large size-large wp-image-10469\" alt=\"\" \/>\t\t\t\t\t\t\t\t<\/a>\n\t\t\t\t\t\t\t\t\t\t\t\t\t\t\t<\/div>\n\t\t\t\t<div class=\"elementor-element elementor-element-e61acdf elementor-widget elementor-widget-heading\" data-id=\"e61acdf\" data-element_type=\"widget\" data-e-type=\"widget\" data-widget_type=\"heading.default\">\n\t\t\t\t\t<span class=\"elementor-heading-title elementor-size-default\">Ch\u00e2teau de Vergi\u00e8res<\/span>\t\t\t\t<\/div>\n\t\t\t\t<\/div>\n\t\t\t\t<\/div>\n\t\t\t\t<\/div>\n\t\t\t\t<\/div>\n\t\t\t\t<\/div>\n\t\t\t\t<\/div>\n\t\t","protected":false},"excerpt":{"rendered":"<p>Contact Us Veuillez activer JavaScript dans votre navigateur pour remplir ce formulaire.Veuillez activer JavaScript dans votre navigateur pour remplir ce formulaire.Nom et pr\u00e9nom *Objet de votre demande *Objet de votre demande*MariageTournage \/ shootingPrivatisationEmail *T\u00e9l\u00e9phone * Nombre message de Nombre d&#039;invit\u00e9sVotre message * Envoyer chateaudevergieres@gmail.com +33 (0)4 90 47 17 16 +33 (0)7 87 01 47 [&hellip;]<\/p>\n","protected":false},"author":1,"featured_media":10471,"parent":0,"menu_order":0,"comment_status":"closed","ping_status":"closed","template":"","meta":{"footnotes":""},"class_list":["post-10464","page","type-page","status-publish","has-post-thumbnail","hentry"],"_links":{"self":[{"href":"https:\/\/www.chateaudevergieres.com\/en\/wp-json\/wp\/v2\/pages\/10464","targetHints":{"allow":["GET"]}}],"collection":[{"href":"https:\/\/www.chateaudevergieres.com\/en\/wp-json\/wp\/v2\/pages"}],"about":[{"href":"https:\/\/www.chateaudevergieres.com\/en\/wp-json\/wp\/v2\/types\/page"}],"author":[{"embeddable":true,"href":"https:\/\/www.chateaudevergieres.com\/en\/wp-json\/wp\/v2\/users\/1"}],"replies":[{"embeddable":true,"href":"https:\/\/www.chateaudevergieres.com\/en\/wp-json\/wp\/v2\/comments?post=10464"}],"version-history":[{"count":1,"href":"https:\/\/www.chateaudevergieres.com\/en\/wp-json\/wp\/v2\/pages\/10464\/revisions"}],"predecessor-version":[{"id":10472,"href":"https:\/\/www.chateaudevergieres.com\/en\/wp-json\/wp\/v2\/pages\/10464\/revisions\/10472"}],"wp:featuredmedia":[{"embeddable":true,"href":"https:\/\/www.chateaudevergieres.com\/en\/wp-json\/wp\/v2\/media\/10471"}],"wp:attachment":[{"href":"https:\/\/www.chateaudevergieres.com\/en\/wp-json\/wp\/v2\/media?parent=10464"}],"curies":[{"name":"wp","href":"https:\/\/api.w.org\/{rel}","templated":true}]}}